{"id":376,"date":"2025-09-02T13:08:30","date_gmt":"2025-09-02T16:08:30","guid":{"rendered":"https:\/\/amceres.org.br\/?page_id=376"},"modified":"2025-09-02T13:18:21","modified_gmt":"2025-09-02T16:18:21","slug":"fale-conosco","status":"publish","type":"page","link":"https:\/\/amceres.org.br\/?page_id=376","title":{"rendered":"Fale Conosco"},"content":{"rendered":"<div class=\"wpb-content-wrapper\"><p>[vc_row][vc_column][vc_column_text]<\/p>\n<p style=\"text-align: center;\" data-start=\"131\" data-end=\"313\">A Associa\u00e7\u00e3o AMCERES est\u00e1 sempre de portas abertas para ouvir voc\u00ea. Entre em contato conosco para tirar d\u00favidas, enviar sugest\u00f5es ou obter mais informa\u00e7\u00f5es sobre nossas atividades.<\/p>\n<p style=\"text-align: center;\" data-start=\"315\" data-end=\"404\">\ud83d\udccd <strong data-start=\"318\" data-end=\"330\">Endere\u00e7o<\/strong><br data-start=\"330\" data-end=\"333\" \/>R. Amap\u00e1, n\u00ba 494 \u2013 Jardim Bela Vista<br data-start=\"369\" data-end=\"372\" \/>Serrana \u2013 SP<br data-start=\"384\" data-end=\"387\" \/>CEP: 14.150-000<\/p>\n<p style=\"text-align: center;\" data-start=\"406\" data-end=\"440\">\ud83c\udd94 <strong data-start=\"409\" data-end=\"417\">CNPJ<\/strong><br data-start=\"417\" data-end=\"420\" \/>08.991.268\/0001-44<\/p>\n<p style=\"text-align: center;\" data-start=\"442\" data-end=\"488\">\ud83d\udcde <strong data-start=\"445\" data-end=\"468\">Telefone \/ WhatsApp<\/strong><br data-start=\"468\" data-end=\"471\" \/>(16) 99185-9047<\/p>\n<p style=\"text-align: center;\" data-start=\"451\" data-end=\"488\">\u2709\ufe0f <strong data-start=\"454\" data-end=\"464\">E-mail<\/strong><br data-start=\"464\" data-end=\"467\" \/><a class=\"decorated-link cursor-pointer\" rel=\"noopener\" data-start=\"467\" data-end=\"486\">amceres@outlook.com<\/a><\/p>\n<p data-start=\"490\" data-end=\"654\">Estamos \u00e0 disposi\u00e7\u00e3o para atend\u00ea-lo com aten\u00e7\u00e3o e cuidado. Sua participa\u00e7\u00e3o \u00e9 muito importante para fortalecer nossa associa\u00e7\u00e3o e nossas a\u00e7\u00f5es junto \u00e0 comunidade.<\/p>\n<p style=\"text-align: center;\" data-start=\"490\" data-end=\"654\">Estamos \u00e0 disposi\u00e7\u00e3o para atend\u00ea-lo com aten\u00e7\u00e3o e cuidado. Sua participa\u00e7\u00e3o \u00e9 muito importante para fortalecer nossa associa\u00e7\u00e3o e nossas a\u00e7\u00f5es junto \u00e0 comunidade.<\/p>\n<p>[\/vc_column_text][\/vc_column][\/vc_row]<\/p>\n<\/div>","protected":false},"excerpt":{"rendered":"<p>[vc_row][vc_column][vc_column_text] A Associa\u00e7\u00e3o AMCERES est\u00e1 sempre de portas abertas para ouvir voc\u00ea. Entre em contato conosco para tirar d\u00favidas, enviar sugest\u00f5es ou obter mais informa\u00e7\u00f5es sobre nossas atividades. \ud83d\udccd Endere\u00e7oR. Amap\u00e1, n\u00ba 494 \u2013 Jardim Bela VistaSerrana \u2013 SPCEP: 14.150-000 \ud83c\udd94 CNPJ08.991.268\/0001-44 \ud83d\udcde Telefone \/ WhatsApp(16) 99185-9047 \u2709\ufe0f E-mailamceres@outlook.com Estamos \u00e0 disposi\u00e7\u00e3o para atend\u00ea-lo com [&hellip;]<\/p>\n","protected":false},"author":1,"featured_media":0,"parent":0,"menu_order":0,"comment_status":"closed","ping_status":"closed","template":"","meta":{"footnotes":""},"class_list":["post-376","page","type-page","status-publish","hentry"],"_links":{"self":[{"href":"https:\/\/amceres.org.br\/index.php?rest_route=\/wp\/v2\/pages\/376","targetHints":{"allow":["GET"]}}],"collection":[{"href":"https:\/\/amceres.org.br\/index.php?rest_route=\/wp\/v2\/pages"}],"about":[{"href":"https:\/\/amceres.org.br\/index.php?rest_route=\/wp\/v2\/types\/page"}],"author":[{"embeddable":true,"href":"https:\/\/amceres.org.br\/index.php?rest_route=\/wp\/v2\/users\/1"}],"replies":[{"embeddable":true,"href":"https:\/\/amceres.org.br\/index.php?rest_route=%2Fwp%2Fv2%2Fcomments&post=376"}],"version-history":[{"count":2,"href":"https:\/\/amceres.org.br\/index.php?rest_route=\/wp\/v2\/pages\/376\/revisions"}],"predecessor-version":[{"id":379,"href":"https:\/\/amceres.org.br\/index.php?rest_route=\/wp\/v2\/pages\/376\/revisions\/379"}],"wp:attachment":[{"href":"https:\/\/amceres.org.br\/index.php?rest_route=%2Fwp%2Fv2%2Fmedia&parent=376"}],"curies":[{"name":"wp","href":"https:\/\/api.w.org\/{rel}","templated":true}]}}