{"id":37,"date":"2022-08-26T21:58:57","date_gmt":"2022-08-26T21:58:57","guid":{"rendered":"http:\/\/td_uid_1_63094221449f9"},"modified":"2025-12-03T14:42:41","modified_gmt":"2025-12-03T17:42:41","slug":"home","status":"publish","type":"page","link":"https:\/\/amceres.org.br\/?page_id=37","title":{"rendered":"GALERIA DE FOTOS"},"content":{"rendered":"<div class=\"wpb-content-wrapper\"><p>[vc_row el_class=&#8221;td_classic_blog_home&#8221;][vc_column][vc_column_text css=&#8221;&#8221;]<\/p>\n<h1 style=\"text-align: center;\"><em><strong>GALERIA DE FOTOS<\/strong><\/em><\/h1>\n<p>[\/vc_column_text][\/vc_column][\/vc_row][vc_row el_class=&#8221;td_classic_blog_home&#8221;][vc_column][vc_separator][vc_column_text css=&#8221;&#8221;]<\/p>\n<h3 style=\"text-align: center;\">SERRANA<\/h3>\n<p>[\/vc_column_text][\/vc_column][\/vc_row][vc_row el_class=&#8221;td_classic_blog_home&#8221;][vc_column width=&#8221;1\/2&#8243;][vc_images_carousel images=&#8221;314,315,316,317,318,319,320,321&#8243; img_size=&#8221;500 X 300&#8243; css=&#8221;&#8221; title=&#8221;PROJETO MUSICALIZANDO&#8221;][vc_images_carousel images=&#8221;329,330,331,332,333,334,335,336&#8243; img_size=&#8221;500 X 300&#8243; css=&#8221;&#8221; title=&#8221;PRO FUT&#8221;][\/vc_column][vc_column width=&#8221;1\/2&#8243;][vc_images_carousel images=&#8221;322,323,324,325,326,327,328&#8243; img_size=&#8221;500 X 300&#8243; css=&#8221;&#8221; title=&#8221;PROJETO V\u00d4LEI&#8221;][vc_images_carousel images=&#8221;469,452,447,446,448,449,450,451,453,454,455,456,457,458,459,460,461,462,463,464,465,466,467,468&#8243; img_size=&#8221;500 X 300&#8243; css=&#8221;&#8221; title=&#8221;BANDA NA PRA\u00c7A &#8211; FESTIVAL DE BANDAS E FANFARRAS&#8221;][\/vc_column][\/vc_row][vc_row el_class=&#8221;td_classic_blog_home&#8221;][vc_column][vc_separator][vc_column_text css=&#8221;&#8221;]<\/p>\n<h3 style=\"text-align: center;\">CERQUEIRA CESAR<\/h3>\n<p>[\/vc_column_text][\/vc_column][\/vc_row][vc_row el_class=&#8221;td_classic_blog_home&#8221;][vc_column width=&#8221;1\/2&#8243;][vc_images_carousel images=&#8221;351,352,353,354,355,356,357,358,359,360&#8243; img_size=&#8221;500 X 300&#8243; css=&#8221;&#8221; title=&#8221;PROJETO DE INICIA\u00c7\u00c3O ART\u00cdSTICA E MUSICAL&#8221;][\/vc_column][vc_column width=&#8221;1\/2&#8243;][vc_images_carousel images=&#8221;337,338,339,340,341,342,343,344,345,346,347,348,349,350&#8243; img_size=&#8221;500 X 300&#8243; css=&#8221;&#8221; title=&#8221;PROJETO ATIVIDADES ESPORTIVAS&#8221;][\/vc_column][\/vc_row][vc_row el_class=&#8221;td_classic_blog_home&#8221;][vc_column][vc_separator][vc_column_text css=&#8221;&#8221;]<\/p>\n<h3 style=\"text-align: center;\">\u00a0CRAVINHOS<\/h3>\n<p>[\/vc_column_text][\/vc_column][\/vc_row][vc_row el_class=&#8221;td_classic_blog_home&#8221;][vc_column][vc_images_carousel images=&#8221;361,362,363,364,365,366,367,368,369,370,371&#8243; img_size=&#8221;500 X 300&#8243; css=&#8221;&#8221; title=&#8221;PROJETO DE INICIA\u00c7\u00c3O INSTRUMENTAL&#8221;][\/vc_column][\/vc_row]<\/p>\n<\/div>","protected":false},"excerpt":{"rendered":"<p>[vc_row el_class=&#8221;td_classic_blog_home&#8221;][vc_column][vc_column_text css=&#8221;&#8221;] GALERIA DE FOTOS [\/vc_column_text][\/vc_column][\/vc_row][vc_row el_class=&#8221;td_classic_blog_home&#8221;][vc_column][vc_separator][vc_column_text css=&#8221;&#8221;] SERRANA [\/vc_column_text][\/vc_column][\/vc_row][vc_row el_class=&#8221;td_classic_blog_home&#8221;][vc_column width=&#8221;1\/2&#8243;][vc_images_carousel images=&#8221;314,315,316,317,318,319,320,321&#8243; img_size=&#8221;500 X 300&#8243; css=&#8221;&#8221; title=&#8221;PROJETO MUSICALIZANDO&#8221;][vc_images_carousel images=&#8221;329,330,331,332,333,334,335,336&#8243; img_size=&#8221;500 X 300&#8243; css=&#8221;&#8221; title=&#8221;PRO FUT&#8221;][\/vc_column][vc_column width=&#8221;1\/2&#8243;][vc_images_carousel images=&#8221;322,323,324,325,326,327,328&#8243; img_size=&#8221;500 X 300&#8243; css=&#8221;&#8221; title=&#8221;PROJETO V\u00d4LEI&#8221;][vc_images_carousel images=&#8221;469,452,447,446,448,449,450,451,453,454,455,456,457,458,459,460,461,462,463,464,465,466,467,468&#8243; img_size=&#8221;500 X 300&#8243; css=&#8221;&#8221; title=&#8221;BANDA NA PRA\u00c7A &#8211; FESTIVAL DE BANDAS E FANFARRAS&#8221;][\/vc_column][\/vc_row][vc_row el_class=&#8221;td_classic_blog_home&#8221;][vc_column][vc_separator][vc_column_text css=&#8221;&#8221;] CERQUEIRA CESAR [\/vc_column_text][\/vc_column][\/vc_row][vc_row el_class=&#8221;td_classic_blog_home&#8221;][vc_column [&hellip;]<\/p>\n","protected":false},"author":1,"featured_media":0,"parent":0,"menu_order":0,"comment_status":"closed","ping_status":"closed","template":"","meta":{"footnotes":""},"class_list":["post-37","page","type-page","status-publish","hentry"],"_links":{"self":[{"href":"https:\/\/amceres.org.br\/index.php?rest_route=\/wp\/v2\/pages\/37","targetHints":{"allow":["GET"]}}],"collection":[{"href":"https:\/\/amceres.org.br\/index.php?rest_route=\/wp\/v2\/pages"}],"about":[{"href":"https:\/\/amceres.org.br\/index.php?rest_route=\/wp\/v2\/types\/page"}],"author":[{"embeddable":true,"href":"https:\/\/amceres.org.br\/index.php?rest_route=\/wp\/v2\/users\/1"}],"replies":[{"embeddable":true,"href":"https:\/\/amceres.org.br\/index.php?rest_route=%2Fwp%2Fv2%2Fcomments&post=37"}],"version-history":[{"count":18,"href":"https:\/\/amceres.org.br\/index.php?rest_route=\/wp\/v2\/pages\/37\/revisions"}],"predecessor-version":[{"id":471,"href":"https:\/\/amceres.org.br\/index.php?rest_route=\/wp\/v2\/pages\/37\/revisions\/471"}],"wp:attachment":[{"href":"https:\/\/amceres.org.br\/index.php?rest_route=%2Fwp%2Fv2%2Fmedia&parent=37"}],"curies":[{"name":"wp","href":"https:\/\/api.w.org\/{rel}","templated":true}]}}